{"id":73,"date":"2022-10-13T09:57:17","date_gmt":"2022-10-13T09:57:17","guid":{"rendered":"https:\/\/www.ontecandorra.com\/?page_id=73"},"modified":"2022-10-14T10:21:07","modified_gmt":"2022-10-14T10:21:07","slug":"sobre-nosaltres","status":"publish","type":"page","link":"https:\/\/www.ontecandorra.com\/?page_id=73","title":{"rendered":"ONTEC"},"content":{"rendered":"\n<figure class=\"wp-block-image size-full\"><img loading=\"lazy\" decoding=\"async\" width=\"500\" height=\"170\" src=\"https:\/\/www.ontecandorra.com\/wp-content\/uploads\/2016\/05\/logo3.png\" alt=\"ontec\" class=\"wp-image-18\" srcset=\"https:\/\/www.ontecandorra.com\/wp-content\/uploads\/2016\/05\/logo3.png 500w, https:\/\/www.ontecandorra.com\/wp-content\/uploads\/2016\/05\/logo3-300x102.png 300w\" sizes=\"auto, (max-width: 500px) 100vw, 500px\" \/><\/figure>\n\n\n\n<div class=\"wp-block-media-text alignwide is-stacked-on-mobile\" style=\"grid-template-columns:29% auto\"><figure class=\"wp-block-media-text__media\"><img loading=\"lazy\" decoding=\"async\" width=\"499\" height=\"312\" src=\"https:\/\/www.ontecandorra.com\/wp-content\/uploads\/2016\/05\/ON.jpg\" alt=\"ON\" class=\"wp-image-17 size-full\" srcset=\"https:\/\/www.ontecandorra.com\/wp-content\/uploads\/2016\/05\/ON.jpg 499w, https:\/\/www.ontecandorra.com\/wp-content\/uploads\/2016\/05\/ON-300x188.jpg 300w\" sizes=\"auto, (max-width: 499px) 100vw, 499px\" \/><\/figure><div class=\"wp-block-media-text__content\">\n<div style=\"height:46px\" aria-hidden=\"true\" class=\"wp-block-spacer\"><\/div>\n\n\n\n<p><\/p>\n\n\n\n<p class=\"has-white-color has-black-background-color has-text-color has-background\">A Ontec ens apassiona la tecnologia. En un m\u00f3n tecnol\u00f2gic que avan\u00e7a cada cop m\u00e9s r\u00e0pid, volem que per a tu la tecnologia sigui tan f\u00e0cil com pr\u00e9mer un bot\u00f3.<br><br>T\u2019ajudem a optimitzar al m\u00e0xim els costos i a treure el m\u00e0xim rendiment als teus sistemes tecnol\u00f2gics, fent recerca de la soluci\u00f3 que m\u00e9s s\u2019adapti a les teves necessitats des de l\u2019\u00f2ptica del negoci.<br><br>El comprom\u00eds d\u2019Ontec \u00e9s evolucionar cont\u00ednuament per tal d\u2019assolir els reptes tecnol\u00f2gics actuals i poder-te oferir les millors solucions, amb les millors garanties d\u2019\u00e8xit.<\/p>\n<\/div><\/div>\n\n\n\n<div style=\"height:100px\" aria-hidden=\"true\" class=\"wp-block-spacer\"><\/div>\n\n\n\n<hr class=\"wp-block-separator has-alpha-channel-opacity\"\/>\n\n\n\n<div style=\"height:100px\" aria-hidden=\"true\" class=\"wp-block-spacer\"><\/div>\n\n\n\n<p><\/p>\n\n\n\n<p><\/p>\n\n\n\n<div class=\"wp-block-columns is-layout-flex wp-container-core-columns-is-layout-9d6595d7 wp-block-columns-is-layout-flex\">\n<div class=\"wp-block-column has-black-background-color has-background is-layout-flow wp-block-column-is-layout-flow\" style=\"flex-basis:50%\">\n<p class=\"has-text-color\" style=\"color:#66ff66\">IT SECURITY<\/p>\n\n\n\n<p class=\"has-white-color has-text-color\">A Ontec prove\u00efm solucions de seguretat efectives, transversals, per tal de garantir una protecci\u00f3 s\u00f2lida.<br><br>Analitzem el teu negoci i t\u2019assessorem en com pots fer-lo m\u00e9s segur. La teva tranquil\u00b7litat, el nostre objectiu.<\/p>\n\n\n\n<p class=\"has-text-color\" style=\"color:#66ff66\">AUTOMATITZACI\u00d3<\/p>\n\n\n\n<p class=\"has-white-color has-text-color\">Som experts en innovaci\u00f3 i tecnologia. Estem especialitzats en la integraci\u00f3 de sistemes i l\u2019automatitzaci\u00f3 tecnol\u00f2gica, tant d\u2019Smart Homes com d\u2019Smart Buildings.<br><br>La \u00faltima tecnologia, a la teva llar o lloc de treball, al teu servei.<\/p>\n<\/div>\n\n\n\n<div class=\"wp-block-column has-black-background-color has-background is-layout-flow wp-block-column-is-layout-flow\" style=\"flex-basis:50%\">\n<p class=\"has-text-color\" style=\"color:#66ff66\">COMUNICACIONS<\/p>\n\n\n\n<p class=\"has-white-color has-text-color\">A Ontec sabem com d\u2019importants s\u00f3n les comunicacions per al teu negoci, i volem que no t\u2019hagis de preocupar de res.<br><br>Duem a terme qualsevol projecte de comunicacions, en qualsevol escenari possible que requereixis.<\/p>\n\n\n\n<p class=\"has-text-color\" style=\"color:#66ff66\">AUDIOVISUALS<\/p>\n\n\n\n<p class=\"has-white-color has-text-color\">Posem al teu abast tota la tecnologia audiovisual d\u2019\u00faltima generaci\u00f3 existent al mercat i t\u2019assessorem sobre la soluci\u00f3 que millor s\u2019adapti a les teves necessitats.<br><br>La comunicaci\u00f3 audiovisual com mai l\u2019havies vist.<\/p>\n<\/div>\n<\/div>\n","protected":false},"excerpt":{"rendered":"<p>IT SECURITY A Ontec prove\u00efm solucions de seguretat efectives, transversals, per tal de garantir una protecci\u00f3 s\u00f2lida. Analitzem el teu negoci i t\u2019assessorem en com pots fer-lo m\u00e9s segur. La teva tranquil\u00b7litat, el nostre objectiu. AUTOMATITZACI\u00d3 Som experts en innovaci\u00f3 i tecnologia. Estem especialitzats en la integraci\u00f3 de sistemes i l\u2019automatitzaci\u00f3 tecnol\u00f2gica, tant d\u2019Smart Homes [&hellip;]<\/p>\n","protected":false},"author":1,"featured_media":0,"parent":0,"menu_order":0,"comment_status":"closed","ping_status":"closed","template":"templates\/template-page-full-width.php","meta":{"footnotes":""},"class_list":["post-73","page","type-page","status-publish","hentry"],"_links":{"self":[{"href":"https:\/\/www.ontecandorra.com\/index.php?rest_route=\/wp\/v2\/pages\/73","targetHints":{"allow":["GET"]}}],"collection":[{"href":"https:\/\/www.ontecandorra.com\/index.php?rest_route=\/wp\/v2\/pages"}],"about":[{"href":"https:\/\/www.ontecandorra.com\/index.php?rest_route=\/wp\/v2\/types\/page"}],"author":[{"embeddable":true,"href":"https:\/\/www.ontecandorra.com\/index.php?rest_route=\/wp\/v2\/users\/1"}],"replies":[{"embeddable":true,"href":"https:\/\/www.ontecandorra.com\/index.php?rest_route=%2Fwp%2Fv2%2Fcomments&post=73"}],"version-history":[{"count":15,"href":"https:\/\/www.ontecandorra.com\/index.php?rest_route=\/wp\/v2\/pages\/73\/revisions"}],"predecessor-version":[{"id":100,"href":"https:\/\/www.ontecandorra.com\/index.php?rest_route=\/wp\/v2\/pages\/73\/revisions\/100"}],"wp:attachment":[{"href":"https:\/\/www.ontecandorra.com\/index.php?rest_route=%2Fwp%2Fv2%2Fmedia&parent=73"}],"curies":[{"name":"wp","href":"https:\/\/api.w.org\/{rel}","templated":true}]}}