{"id":141,"date":"2022-10-13T12:17:24","date_gmt":"2022-10-13T12:17:24","guid":{"rendered":"https:\/\/www.ontecandorra.com\/?page_id=141"},"modified":"2022-10-13T12:17:24","modified_gmt":"2022-10-13T12:17:24","slug":"disseny-dinteriors","status":"publish","type":"page","link":"https:\/\/www.ontecandorra.com\/?page_id=141","title":{"rendered":"DISSENY D&#8217;INTERIORS"},"content":{"rendered":"\n<p>A Ontec sabem que com a dissenyador cerques tant funcionalitat, confort, com est\u00e8tica. Els nostres fabricants elaboren les seves solucions pensant sempre en la satisfacci\u00f3 del client, amb la premissa que la soluci\u00f3,&nbsp;<\/p>\n\n\n\n<p>elaborada amb tot tipus de material, s&#8217;adapti sempre a qualsevol tipus de disseny d&#8217;interior.<br><br>Consulta les nostres solucions tecnol\u00f2giques que millor s&#8217;adaptin al disseny dels teus projectes.<br>Ara, la tecnologia i el disseny van de la m\u00e0.<\/p>\n\n\n<div class=\"wp-block-image\">\n<figure class=\"alignright size-full is-resized\"><img loading=\"lazy\" decoding=\"async\" src=\"https:\/\/www.ontecandorra.com\/wp-content\/uploads\/2022\/10\/interiordesign.png\" alt=\"\" class=\"wp-image-142\" width=\"396\" height=\"191\" srcset=\"https:\/\/www.ontecandorra.com\/wp-content\/uploads\/2022\/10\/interiordesign.png 848w, https:\/\/www.ontecandorra.com\/wp-content\/uploads\/2022\/10\/interiordesign-300x145.png 300w, https:\/\/www.ontecandorra.com\/wp-content\/uploads\/2022\/10\/interiordesign-768x370.png 768w\" sizes=\"auto, (max-width: 396px) 100vw, 396px\" \/><\/figure>\n<\/div>","protected":false},"excerpt":{"rendered":"<p>A Ontec sabem que com a dissenyador cerques tant funcionalitat, confort, com est\u00e8tica. Els nostres fabricants elaboren les seves solucions pensant sempre en la satisfacci\u00f3 del client, amb la premissa que la soluci\u00f3,&nbsp; elaborada amb tot tipus de material, s&#8217;adapti sempre a qualsevol tipus de disseny d&#8217;interior. Consulta les nostres solucions tecnol\u00f2giques que millor s&#8217;adaptin [&hellip;]<\/p>\n","protected":false},"author":1,"featured_media":0,"parent":0,"menu_order":0,"comment_status":"closed","ping_status":"closed","template":"","meta":{"footnotes":""},"class_list":["post-141","page","type-page","status-publish","hentry"],"_links":{"self":[{"href":"https:\/\/www.ontecandorra.com\/index.php?rest_route=\/wp\/v2\/pages\/141","targetHints":{"allow":["GET"]}}],"collection":[{"href":"https:\/\/www.ontecandorra.com\/index.php?rest_route=\/wp\/v2\/pages"}],"about":[{"href":"https:\/\/www.ontecandorra.com\/index.php?rest_route=\/wp\/v2\/types\/page"}],"author":[{"embeddable":true,"href":"https:\/\/www.ontecandorra.com\/index.php?rest_route=\/wp\/v2\/users\/1"}],"replies":[{"embeddable":true,"href":"https:\/\/www.ontecandorra.com\/index.php?rest_route=%2Fwp%2Fv2%2Fcomments&post=141"}],"version-history":[{"count":1,"href":"https:\/\/www.ontecandorra.com\/index.php?rest_route=\/wp\/v2\/pages\/141\/revisions"}],"predecessor-version":[{"id":144,"href":"https:\/\/www.ontecandorra.com\/index.php?rest_route=\/wp\/v2\/pages\/141\/revisions\/144"}],"wp:attachment":[{"href":"https:\/\/www.ontecandorra.com\/index.php?rest_route=%2Fwp%2Fv2%2Fmedia&parent=141"}],"curies":[{"name":"wp","href":"https:\/\/api.w.org\/{rel}","templated":true}]}}