{"id":136,"date":"2022-10-13T12:16:16","date_gmt":"2022-10-13T12:16:16","guid":{"rendered":"https:\/\/www.ontecandorra.com\/?page_id=136"},"modified":"2022-10-13T12:16:16","modified_gmt":"2022-10-13T12:16:16","slug":"instal%c2%b7ladors","status":"publish","type":"page","link":"https:\/\/www.ontecandorra.com\/?page_id=136","title":{"rendered":"INSTAL\u00b7LADORS"},"content":{"rendered":"\n<div class=\"wp-block-media-text alignwide is-stacked-on-mobile\" style=\"grid-template-columns:23% auto\"><figure class=\"wp-block-media-text__media\"><img loading=\"lazy\" decoding=\"async\" width=\"384\" height=\"305\" src=\"https:\/\/www.ontecandorra.com\/wp-content\/uploads\/2022\/10\/InstaladoraWEB.png\" alt=\"\" class=\"wp-image-137 size-full\" srcset=\"https:\/\/www.ontecandorra.com\/wp-content\/uploads\/2022\/10\/InstaladoraWEB.png 384w, https:\/\/www.ontecandorra.com\/wp-content\/uploads\/2022\/10\/InstaladoraWEB-300x238.png 300w\" sizes=\"auto, (max-width: 384px) 100vw, 384px\" \/><\/figure><div class=\"wp-block-media-text__content\">\n<p class=\"has-white-color has-black-background-color has-text-color has-background\">A Ontec et prove\u00efm amb tot tipus de solucions tecnol\u00f2giques adaptades a tots els escenaris en els \u00e0mbits que estem especialitzats. Des de xarxes i infraestructures de comunicacions, passant per instal\u00b7lacions dom\u00f2tiques, fins a projectes d&#8217;audiovisuals. Sempre amb una perspectiva de seguretat en tots els projectes que realitzem.<br><br>Treballem directament amb els fabricants que distribu\u00efm i posem al teu abast qualsevol soluci\u00f3 que requereixis, als preus m\u00e9s competitius.<\/p>\n<\/div><\/div>\n\n\n<div class=\"wp-block-image\">\n<figure class=\"alignright size-full is-resized\"><img loading=\"lazy\" decoding=\"async\" src=\"https:\/\/www.ontecandorra.com\/wp-content\/uploads\/2022\/10\/home-carousel-1.png\" alt=\"\" class=\"wp-image-138\" width=\"272\" height=\"221\" srcset=\"https:\/\/www.ontecandorra.com\/wp-content\/uploads\/2022\/10\/home-carousel-1.png 800w, https:\/\/www.ontecandorra.com\/wp-content\/uploads\/2022\/10\/home-carousel-1-300x244.png 300w, https:\/\/www.ontecandorra.com\/wp-content\/uploads\/2022\/10\/home-carousel-1-768x624.png 768w\" sizes=\"auto, (max-width: 272px) 100vw, 272px\" \/><\/figure>\n<\/div>","protected":false},"excerpt":{"rendered":"<p>A Ontec et prove\u00efm amb tot tipus de solucions tecnol\u00f2giques adaptades a tots els escenaris en els \u00e0mbits que estem especialitzats. Des de xarxes i infraestructures de comunicacions, passant per instal\u00b7lacions dom\u00f2tiques, fins a projectes d&#8217;audiovisuals. Sempre amb una perspectiva de seguretat en tots els projectes que realitzem. Treballem directament amb els fabricants que distribu\u00efm [&hellip;]<\/p>\n","protected":false},"author":1,"featured_media":0,"parent":0,"menu_order":0,"comment_status":"closed","ping_status":"closed","template":"","meta":{"footnotes":""},"class_list":["post-136","page","type-page","status-publish","hentry"],"_links":{"self":[{"href":"https:\/\/www.ontecandorra.com\/index.php?rest_route=\/wp\/v2\/pages\/136","targetHints":{"allow":["GET"]}}],"collection":[{"href":"https:\/\/www.ontecandorra.com\/index.php?rest_route=\/wp\/v2\/pages"}],"about":[{"href":"https:\/\/www.ontecandorra.com\/index.php?rest_route=\/wp\/v2\/types\/page"}],"author":[{"embeddable":true,"href":"https:\/\/www.ontecandorra.com\/index.php?rest_route=\/wp\/v2\/users\/1"}],"replies":[{"embeddable":true,"href":"https:\/\/www.ontecandorra.com\/index.php?rest_route=%2Fwp%2Fv2%2Fcomments&post=136"}],"version-history":[{"count":1,"href":"https:\/\/www.ontecandorra.com\/index.php?rest_route=\/wp\/v2\/pages\/136\/revisions"}],"predecessor-version":[{"id":140,"href":"https:\/\/www.ontecandorra.com\/index.php?rest_route=\/wp\/v2\/pages\/136\/revisions\/140"}],"wp:attachment":[{"href":"https:\/\/www.ontecandorra.com\/index.php?rest_route=%2Fwp%2Fv2%2Fmedia&parent=136"}],"curies":[{"name":"wp","href":"https:\/\/api.w.org\/{rel}","templated":true}]}}