{"id":121,"date":"2022-10-13T12:10:48","date_gmt":"2022-10-13T12:10:48","guid":{"rendered":"https:\/\/www.ontecandorra.com\/?page_id=121"},"modified":"2022-10-13T12:10:48","modified_gmt":"2022-10-13T12:10:48","slug":"automatitzacio","status":"publish","type":"page","link":"https:\/\/www.ontecandorra.com\/?page_id=121","title":{"rendered":"AUTOMATITZACI\u00d3"},"content":{"rendered":"\n<p class=\"has-white-color has-black-background-color has-text-color has-background\">Les empreses d\u2019integraci\u00f3 de sistemes d\u2019automatitzaci\u00f3 d\u2019habitatges i edificis acumulen un coneixement insuperable en moltes mat\u00e8ries relacionades amb el desenvolupament de projectes d\u2019edificaci\u00f3. La no utilitzaci\u00f3 d\u2019aquest coneixement, sovint infravalorat, fa que es perdi efici\u00e8ncia en un mercat a on s\u2019inverteixen recursos de manera desmesurada.<br>&nbsp; La capacitat adquirida per una empresa d\u2019integraci\u00f3 pot repercutir de forma positiva en el desenvolupament de qualsevol projecte.<br><br>A Ontec, no nom\u00e9s tenim experi\u00e8ncia amb els sistemes tecnol\u00f2gics com els d\u2019A\/V, &nbsp;HVAC, energies renovables, il\u00b7luminaci\u00f3 o seguretat, sin\u00f3 que tenim experi\u00e8ncia treballant en un entorn multidisciplinari amb arquitectes, enginyeries, instal\u00b7ladors i equips de disseny d\u2019interiors.<\/p>\n\n\n<div class=\"wp-block-image\">\n<figure class=\"aligncenter size-large is-resized\"><img loading=\"lazy\" decoding=\"async\" src=\"https:\/\/www.ontecandorra.com\/wp-content\/uploads\/2022\/10\/Automation_Cat-928x1024.png\" alt=\"\" class=\"wp-image-122\" width=\"544\" height=\"599\" srcset=\"https:\/\/www.ontecandorra.com\/wp-content\/uploads\/2022\/10\/Automation_Cat-928x1024.png 928w, https:\/\/www.ontecandorra.com\/wp-content\/uploads\/2022\/10\/Automation_Cat-272x300.png 272w, https:\/\/www.ontecandorra.com\/wp-content\/uploads\/2022\/10\/Automation_Cat-768x847.png 768w, https:\/\/www.ontecandorra.com\/wp-content\/uploads\/2022\/10\/Automation_Cat.png 1020w\" sizes=\"auto, (max-width: 544px) 100vw, 544px\" \/><\/figure>\n<\/div>\n\n\n<p class=\"has-white-color has-black-background-color has-text-color has-background\">La nostra situaci\u00f3 privilegiada ens ha perm\u00e8s adquirir grans coneixements i capacitat de gesti\u00f3 que posem al teu abast. No nom\u00e9s ens preocupem de l&#8217;aspecte tecnol\u00f2gic de la soluci\u00f3, sin\u00f3 que ens centrem en la vessant pr\u00f2pia de projecte, com fer-lo m\u00e9s interessant, i en la seva gesti\u00f3 i rendibilitat.<br>&nbsp; Amb una instal\u00b7laci\u00f3 dom\u00f2tica, no nom\u00e9s actualitzes la teva llar u oficina amb els \u00faltims aven\u00e7os tecnol\u00f2gics, sin\u00f3 que hi incorpores confort, seguretat i un conjunt de funcionalitats innovadores.<\/p>\n","protected":false},"excerpt":{"rendered":"<p>Les empreses d\u2019integraci\u00f3 de sistemes d\u2019automatitzaci\u00f3 d\u2019habitatges i edificis acumulen un coneixement insuperable en moltes mat\u00e8ries relacionades amb el desenvolupament de projectes d\u2019edificaci\u00f3. La no utilitzaci\u00f3 d\u2019aquest coneixement, sovint infravalorat, fa que es perdi efici\u00e8ncia en un mercat a on s\u2019inverteixen recursos de manera desmesurada.&nbsp; La capacitat adquirida per una empresa d\u2019integraci\u00f3 pot repercutir de [&hellip;]<\/p>\n","protected":false},"author":1,"featured_media":0,"parent":0,"menu_order":0,"comment_status":"closed","ping_status":"closed","template":"","meta":{"footnotes":""},"class_list":["post-121","page","type-page","status-publish","hentry"],"_links":{"self":[{"href":"https:\/\/www.ontecandorra.com\/index.php?rest_route=\/wp\/v2\/pages\/121","targetHints":{"allow":["GET"]}}],"collection":[{"href":"https:\/\/www.ontecandorra.com\/index.php?rest_route=\/wp\/v2\/pages"}],"about":[{"href":"https:\/\/www.ontecandorra.com\/index.php?rest_route=\/wp\/v2\/types\/page"}],"author":[{"embeddable":true,"href":"https:\/\/www.ontecandorra.com\/index.php?rest_route=\/wp\/v2\/users\/1"}],"replies":[{"embeddable":true,"href":"https:\/\/www.ontecandorra.com\/index.php?rest_route=%2Fwp%2Fv2%2Fcomments&post=121"}],"version-history":[{"count":1,"href":"https:\/\/www.ontecandorra.com\/index.php?rest_route=\/wp\/v2\/pages\/121\/revisions"}],"predecessor-version":[{"id":124,"href":"https:\/\/www.ontecandorra.com\/index.php?rest_route=\/wp\/v2\/pages\/121\/revisions\/124"}],"wp:attachment":[{"href":"https:\/\/www.ontecandorra.com\/index.php?rest_route=%2Fwp%2Fv2%2Fmedia&parent=121"}],"curies":[{"name":"wp","href":"https:\/\/api.w.org\/{rel}","templated":true}]}}