{"id":117,"date":"2022-10-13T12:09:06","date_gmt":"2022-10-13T12:09:06","guid":{"rendered":"https:\/\/www.ontecandorra.com\/?page_id=117"},"modified":"2022-10-13T12:09:06","modified_gmt":"2022-10-13T12:09:06","slug":"comunicacions","status":"publish","type":"page","link":"https:\/\/www.ontecandorra.com\/?page_id=117","title":{"rendered":"COMUNICACIONS"},"content":{"rendered":"\n<p class=\"has-white-color has-black-background-color has-text-color has-background\">A Ontec sabem com d\u2019important s\u00f3n les comunicacions per al teu negoci, i volem que no t\u2019hagis de preocupar de res. La creixent necessitat de mobilitat en l\u2019entorn professional implica haver d\u2019utilitzar les \u00faltimes tecnologies en xarxes de comunicaci\u00f3 per garantir un acc\u00e9s segur a tots els serveis.<\/p>\n\n\n<div class=\"wp-block-image\">\n<figure class=\"aligncenter size-full\"><img loading=\"lazy\" decoding=\"async\" width=\"485\" height=\"192\" src=\"https:\/\/www.ontecandorra.com\/wp-content\/uploads\/2022\/10\/VOIP_Comm.png\" alt=\"\" class=\"wp-image-118\" srcset=\"https:\/\/www.ontecandorra.com\/wp-content\/uploads\/2022\/10\/VOIP_Comm.png 485w, https:\/\/www.ontecandorra.com\/wp-content\/uploads\/2022\/10\/VOIP_Comm-300x119.png 300w\" sizes=\"auto, (max-width: 485px) 100vw, 485px\" \/><\/figure>\n<\/div>\n\n\n<p class=\"has-white-color has-black-background-color has-text-color has-background\">A Ontec duem a terme qualsevol projecte de comunicacions, en qualsevol escenari possible que requereixis, amb la garantia de saber que la soluci\u00f3 adoptada \u00e9s la que millor s\u2019ajusta a les teves necessitats.<br>\u00a0<br>Abastem des de les capes mes baixes, a nivell d\u2019infraestructura, fins les solucions en comunicacions m\u00e9s avan\u00e7ades i segures.<br>Comptem amb un equip de professionals altament qualificats \u00a0per que tu te\u2019n despreocupis de tot.<\/p>\n","protected":false},"excerpt":{"rendered":"<p>A Ontec sabem com d\u2019important s\u00f3n les comunicacions per al teu negoci, i volem que no t\u2019hagis de preocupar de res. La creixent necessitat de mobilitat en l\u2019entorn professional implica haver d\u2019utilitzar les \u00faltimes tecnologies en xarxes de comunicaci\u00f3 per garantir un acc\u00e9s segur a tots els serveis. A Ontec duem a terme qualsevol projecte [&hellip;]<\/p>\n","protected":false},"author":1,"featured_media":0,"parent":0,"menu_order":0,"comment_status":"closed","ping_status":"closed","template":"","meta":{"footnotes":""},"class_list":["post-117","page","type-page","status-publish","hentry"],"_links":{"self":[{"href":"https:\/\/www.ontecandorra.com\/index.php?rest_route=\/wp\/v2\/pages\/117","targetHints":{"allow":["GET"]}}],"collection":[{"href":"https:\/\/www.ontecandorra.com\/index.php?rest_route=\/wp\/v2\/pages"}],"about":[{"href":"https:\/\/www.ontecandorra.com\/index.php?rest_route=\/wp\/v2\/types\/page"}],"author":[{"embeddable":true,"href":"https:\/\/www.ontecandorra.com\/index.php?rest_route=\/wp\/v2\/users\/1"}],"replies":[{"embeddable":true,"href":"https:\/\/www.ontecandorra.com\/index.php?rest_route=%2Fwp%2Fv2%2Fcomments&post=117"}],"version-history":[{"count":1,"href":"https:\/\/www.ontecandorra.com\/index.php?rest_route=\/wp\/v2\/pages\/117\/revisions"}],"predecessor-version":[{"id":120,"href":"https:\/\/www.ontecandorra.com\/index.php?rest_route=\/wp\/v2\/pages\/117\/revisions\/120"}],"wp:attachment":[{"href":"https:\/\/www.ontecandorra.com\/index.php?rest_route=%2Fwp%2Fv2%2Fmedia&parent=117"}],"curies":[{"name":"wp","href":"https:\/\/api.w.org\/{rel}","templated":true}]}}