{"id":112,"date":"2022-10-13T11:10:34","date_gmt":"2022-10-13T11:10:34","guid":{"rendered":"https:\/\/www.ontecandorra.com\/?page_id=112"},"modified":"2022-10-13T11:12:02","modified_gmt":"2022-10-13T11:12:02","slug":"it-security","status":"publish","type":"page","link":"https:\/\/www.ontecandorra.com\/?page_id=112","title":{"rendered":"IT SECURITY"},"content":{"rendered":"\n<p class=\"has-text-align-left has-white-color has-black-background-color has-text-color has-background\"><img loading=\"lazy\" decoding=\"async\" width=\"286\" height=\"148\" class=\"wp-image-113\" style=\"width: 286px;\" src=\"https:\/\/www.ontecandorra.com\/wp-content\/uploads\/2022\/10\/Seguretat.png\" alt=\"\" srcset=\"https:\/\/www.ontecandorra.com\/wp-content\/uploads\/2022\/10\/Seguretat.png 560w, https:\/\/www.ontecandorra.com\/wp-content\/uploads\/2022\/10\/Seguretat-300x155.png 300w\" sizes=\"auto, (max-width: 286px) 100vw, 286px\" \/>Davant l\u2019augment de la depend\u00e8ncia en les TIC i la creixent necessitat de mobilitat en l\u2019entorn professional, s\u2019incrementa la necessitat d\u2019establir una pol\u00edtica global de seguretat que abasti totes les infraestructures, garanteixi la continu\u00eftat del negoci i protegeixi l\u2019actiu m\u00e9s valu\u00f3s del negoci: la informaci\u00f3.<br><br>\u00c9s un error pensar que la seguretat \u00e9s principalment perimetral i reduir la seguretat inform\u00e0tica a un Firewall. Les estad\u00edstiques constaten que gran part del delicte inform\u00e0tic&nbsp; prov\u00e9 de l\u2019interior de l\u2019empresa, sent fonamental comptar amb solucions que abordin les diferents capes de seguretat per protegir transversalment a l\u2019organitzaci\u00f3.<br><br>Els principals factors que incideixen a la vulnerabilitat s\u00f3n la limitaci\u00f3 de recursos i retallades pressupost\u00e0ries dedicades a prevenci\u00f3 i seguretat, i l\u2019abs\u00e8ncia d\u2019una pol\u00edtica global de seguretat que abordi el model de seguretat per capes, a trav\u00e9s d\u2019un conjunt de solucions integrals complementaries.<br><br>Com a prove\u00efdors professionals al nostre pa\u00eds, promovem un enfoc integrador per poder proveir solucions efectives transversals i garantir una protecci\u00f3 s\u00f2lida. Cal un canvi a la cultura de seguretat empresarial per tal d\u2019optimitzar recursos, estalviar despeses i millorar l\u2019efici\u00e8ncia, mantenint un nivell \u00f2ptim de seguretat.<br><br>A Ontec analitzem el teu negoci i t\u2019assessorem en com pots fer-lo m\u00e9s segur. La nostra experi\u00e8ncia en seguretat i el treball conjunt i directe amb els propis fabricants internacionals fa que es generi una sin\u00e8rgia alhora d\u2019aplicar seguretat transversal en tots els \u00e0mbits dels nostres projectes.<br><br>La teva tranquil\u00b7litat, el nostre objectiu.<\/p>\n\n\n\n<div class=\"wp-block-group\"><div class=\"wp-block-group__inner-container is-layout-flow wp-block-group-is-layout-flow\"><\/div><\/div>\n","protected":false},"excerpt":{"rendered":"<p>Davant l\u2019augment de la depend\u00e8ncia en les TIC i la creixent necessitat de mobilitat en l\u2019entorn professional, s\u2019incrementa la necessitat d\u2019establir una pol\u00edtica global de seguretat que abasti totes les infraestructures, garanteixi la continu\u00eftat del negoci i protegeixi l\u2019actiu m\u00e9s valu\u00f3s del negoci: la informaci\u00f3. \u00c9s un error pensar que la seguretat \u00e9s principalment perimetral [&hellip;]<\/p>\n","protected":false},"author":1,"featured_media":0,"parent":0,"menu_order":0,"comment_status":"closed","ping_status":"closed","template":"","meta":{"footnotes":""},"class_list":["post-112","page","type-page","status-publish","hentry"],"_links":{"self":[{"href":"https:\/\/www.ontecandorra.com\/index.php?rest_route=\/wp\/v2\/pages\/112","targetHints":{"allow":["GET"]}}],"collection":[{"href":"https:\/\/www.ontecandorra.com\/index.php?rest_route=\/wp\/v2\/pages"}],"about":[{"href":"https:\/\/www.ontecandorra.com\/index.php?rest_route=\/wp\/v2\/types\/page"}],"author":[{"embeddable":true,"href":"https:\/\/www.ontecandorra.com\/index.php?rest_route=\/wp\/v2\/users\/1"}],"replies":[{"embeddable":true,"href":"https:\/\/www.ontecandorra.com\/index.php?rest_route=%2Fwp%2Fv2%2Fcomments&post=112"}],"version-history":[{"count":2,"href":"https:\/\/www.ontecandorra.com\/index.php?rest_route=\/wp\/v2\/pages\/112\/revisions"}],"predecessor-version":[{"id":116,"href":"https:\/\/www.ontecandorra.com\/index.php?rest_route=\/wp\/v2\/pages\/112\/revisions\/116"}],"wp:attachment":[{"href":"https:\/\/www.ontecandorra.com\/index.php?rest_route=%2Fwp%2Fv2%2Fmedia&parent=112"}],"curies":[{"name":"wp","href":"https:\/\/api.w.org\/{rel}","templated":true}]}}